{"id":2181,"date":"2026-03-08T15:47:46","date_gmt":"2026-03-08T18:47:46","guid":{"rendered":"https:\/\/cbpfebrap.febrap.org.br\/?page_id=2181"},"modified":"2026-03-08T15:55:31","modified_gmt":"2026-03-08T18:55:31","slug":"programacao","status":"publish","type":"page","link":"https:\/\/cbpfebrap.febrap.org.br\/en\/programacao\/","title":{"rendered":"Schedule"},"content":{"rendered":"<div data-elementor-type=\"wp-page\" data-elementor-id=\"2181\" class=\"elementor elementor-2181\" data-elementor-post-type=\"page\">\n\t\t\t\t<div data-particle_enable=\"false\" data-particle-mobile-disabled=\"false\" class=\"elementor-element elementor-element-219c28f e-flex e-con-boxed e-con e-parent\" data-id=\"219c28f\" data-element_type=\"container\" data-settings=\"{&quot;background_background&quot;:&quot;classic&quot;,&quot;shape_divider_top&quot;:&quot;wave-brush&quot;,&quot;shape_divider_bottom&quot;:&quot;wave-brush&quot;}\">\n\t\t\t\t\t<div class=\"e-con-inner\">\n\t\t\t\t<div class=\"elementor-shape elementor-shape-top\" aria-hidden=\"true\" data-negative=\"false\">\n\t\t\t<svg xmlns=\"http:\/\/www.w3.org\/2000\/svg\" viewbox=\"0 0 283.5 27.8\" preserveaspectratio=\"none\">\n\t<path class=\"elementor-shape-fill\" d=\"M283.5,9.7c0,0-7.3,4.3-14,4.6c-6.8,0.3-12.6,0-20.9-1.5c-11.3-2-33.1-10.1-44.7-5.7\ts-12.1,4.6-18,7.4c-6.6,3.2-20,9.6-36.6,9.3C131.6,23.5,99.5,7.2,86.3,8c-1.4,0.1-6.6,0.8-10.5,2c-3.8,1.2-9.4,3.8-17,4.7\tc-3.2,0.4-8.3,1.1-14.2,0.9c-1.5-0.1-6.3-0.4-12-1.6c-5.7-1.2-11-3.1-15.8-3.7C6.5,9.2,0,10.8,0,10.8V0h283.5V9.7z M260.8,11.3\tc-0.7-1-2-0.4-4.3-0.4c-2.3,0-6.1-1.2-5.8-1.1c0.3,0.1,3.1,1.5,6,1.9C259.7,12.2,261.4,12.3,260.8,11.3z M242.4,8.6\tc0,0-2.4-0.2-5.6-0.9c-3.2-0.8-10.3-2.8-15.1-3.5c-8.2-1.1-15.8,0-15.1,0.1c0.8,0.1,9.6-0.6,17.6,1.1c3.3,0.7,9.3,2.2,12.4,2.7\tC239.9,8.7,242.4,8.6,242.4,8.6z M185.2,8.5c1.7-0.7-13.3,4.7-18.5,6.1c-2.1,0.6-6.2,1.6-10,2c-3.9,0.4-8.9,0.4-8.8,0.5\tc0,0.2,5.8,0.8,11.2,0c5.4-0.8,5.2-1.1,7.6-1.6C170.5,14.7,183.5,9.2,185.2,8.5z M199.1,6.9c0.2,0-0.8-0.4-4.8,1.1\tc-4,1.5-6.7,3.5-6.9,3.7c-0.2,0.1,3.5-1.8,6.6-3C197,7.5,199,6.9,199.1,6.9z M283,6c-0.1,0.1-1.9,1.1-4.8,2.5s-6.9,2.8-6.7,2.7\tc0.2,0,3.5-0.6,7.4-2.5C282.8,6.8,283.1,5.9,283,6z M31.3,11.6c0.1-0.2-1.9-0.2-4.5-1.2s-5.4-1.6-7.8-2C15,7.6,7.3,8.5,7.7,8.6\tC8,8.7,15.9,8.3,20.2,9.3c2.2,0.5,2.4,0.5,5.7,1.6S31.2,11.9,31.3,11.6z M73,9.2c0.4-0.1,3.5-1.6,8.4-2.6c4.9-1.1,8.9-0.5,8.9-0.8\tc0-0.3-1-0.9-6.2-0.3S72.6,9.3,73,9.2z M71.6,6.7C71.8,6.8,75,5.4,77.3,5c2.3-0.3,1.9-0.5,1.9-0.6c0-0.1-1.1-0.2-2.7,0.2\tC74.8,5.1,71.4,6.6,71.6,6.7z M93.6,4.4c0.1,0.2,3.5,0.8,5.6,1.8c2.1,1,1.8,0.6,1.9,0.5c0.1-0.1-0.8-0.8-2.4-1.3\tC97.1,4.8,93.5,4.2,93.6,4.4z M65.4,11.1c-0.1,0.3,0.3,0.5,1.9-0.2s2.6-1.3,2.2-1.2s-0.9,0.4-2.5,0.8C65.3,10.9,65.5,10.8,65.4,11.1\tz M34.5,12.4c-0.2,0,2.1,0.8,3.3,0.9c1.2,0.1,2,0.1,2-0.2c0-0.3-0.1-0.5-1.6-0.4C36.6,12.8,34.7,12.4,34.5,12.4z M152.2,21.1\tc-0.1,0.1-2.4-0.3-7.5-0.3c-5,0-13.6-2.4-17.2-3.5c-3.6-1.1,10,3.9,16.5,4.1C150.5,21.6,152.3,21,152.2,21.1z\"\/>\n\t<path class=\"elementor-shape-fill\" d=\"M269.6,18c-0.1-0.1-4.6,0.3-7.2,0c-7.3-0.7-17-3.2-16.6-2.9c0.4,0.3,13.7,3.1,17,3.3\tC267.7,18.8,269.7,18,269.6,18z\"\/>\n\t<path class=\"elementor-shape-fill\" d=\"M227.4,9.8c-0.2-0.1-4.5-1-9.5-1.2c-5-0.2-12.7,0.6-12.3,0.5c0.3-0.1,5.9-1.8,13.3-1.2\tS227.6,9.9,227.4,9.8z\"\/>\n\t<path class=\"elementor-shape-fill\" d=\"M204.5,13.4c-0.1-0.1,2-1,3.2-1.1c1.2-0.1,2,0,2,0.3c0,0.3-0.1,0.5-1.6,0.4\tC206.4,12.9,204.6,13.5,204.5,13.4z\"\/>\n\t<path class=\"elementor-shape-fill\" d=\"M201,10.6c0-0.1-4.4,1.2-6.3,2.2c-1.9,0.9-6.2,3.1-6.1,3.1c0.1,0.1,4.2-1.6,6.3-2.6\tS201,10.7,201,10.6z\"\/>\n\t<path class=\"elementor-shape-fill\" d=\"M154.5,26.7c-0.1-0.1-4.6,0.3-7.2,0c-7.3-0.7-17-3.2-16.6-2.9c0.4,0.3,13.7,3.1,17,3.3\tC152.6,27.5,154.6,26.8,154.5,26.7z\"\/>\n\t<path class=\"elementor-shape-fill\" d=\"M41.9,19.3c0,0,1.2-0.3,2.9-0.1c1.7,0.2,5.8,0.9,8.2,0.7c4.2-0.4,7.4-2.7,7-2.6\tc-0.4,0-4.3,2.2-8.6,1.9c-1.8-0.1-5.1-0.5-6.7-0.4S41.9,19.3,41.9,19.3z\"\/>\n\t<path class=\"elementor-shape-fill\" d=\"M75.5,12.6c0.2,0.1,2-0.8,4.3-1.1c2.3-0.2,2.1-0.3,2.1-0.5c0-0.1-1.8-0.4-3.4,0\tC76.9,11.5,75.3,12.5,75.5,12.6z\"\/>\n\t<path class=\"elementor-shape-fill\" d=\"M15.6,13.2c0-0.1,4.3,0,6.7,0.5c2.4,0.5,5,1.9,5,2c0,0.1-2.7-0.8-5.1-1.4\tC19.9,13.7,15.7,13.3,15.6,13.2z\"\/>\n<\/svg>\t\t<\/div>\n\t\t\t\t<div class=\"elementor-shape elementor-shape-bottom\" aria-hidden=\"true\" data-negative=\"false\">\n\t\t\t<svg xmlns=\"http:\/\/www.w3.org\/2000\/svg\" viewbox=\"0 0 283.5 27.8\" preserveaspectratio=\"none\">\n\t<path class=\"elementor-shape-fill\" d=\"M283.5,9.7c0,0-7.3,4.3-14,4.6c-6.8,0.3-12.6,0-20.9-1.5c-11.3-2-33.1-10.1-44.7-5.7\ts-12.1,4.6-18,7.4c-6.6,3.2-20,9.6-36.6,9.3C131.6,23.5,99.5,7.2,86.3,8c-1.4,0.1-6.6,0.8-10.5,2c-3.8,1.2-9.4,3.8-17,4.7\tc-3.2,0.4-8.3,1.1-14.2,0.9c-1.5-0.1-6.3-0.4-12-1.6c-5.7-1.2-11-3.1-15.8-3.7C6.5,9.2,0,10.8,0,10.8V0h283.5V9.7z M260.8,11.3\tc-0.7-1-2-0.4-4.3-0.4c-2.3,0-6.1-1.2-5.8-1.1c0.3,0.1,3.1,1.5,6,1.9C259.7,12.2,261.4,12.3,260.8,11.3z M242.4,8.6\tc0,0-2.4-0.2-5.6-0.9c-3.2-0.8-10.3-2.8-15.1-3.5c-8.2-1.1-15.8,0-15.1,0.1c0.8,0.1,9.6-0.6,17.6,1.1c3.3,0.7,9.3,2.2,12.4,2.7\tC239.9,8.7,242.4,8.6,242.4,8.6z M185.2,8.5c1.7-0.7-13.3,4.7-18.5,6.1c-2.1,0.6-6.2,1.6-10,2c-3.9,0.4-8.9,0.4-8.8,0.5\tc0,0.2,5.8,0.8,11.2,0c5.4-0.8,5.2-1.1,7.6-1.6C170.5,14.7,183.5,9.2,185.2,8.5z M199.1,6.9c0.2,0-0.8-0.4-4.8,1.1\tc-4,1.5-6.7,3.5-6.9,3.7c-0.2,0.1,3.5-1.8,6.6-3C197,7.5,199,6.9,199.1,6.9z M283,6c-0.1,0.1-1.9,1.1-4.8,2.5s-6.9,2.8-6.7,2.7\tc0.2,0,3.5-0.6,7.4-2.5C282.8,6.8,283.1,5.9,283,6z M31.3,11.6c0.1-0.2-1.9-0.2-4.5-1.2s-5.4-1.6-7.8-2C15,7.6,7.3,8.5,7.7,8.6\tC8,8.7,15.9,8.3,20.2,9.3c2.2,0.5,2.4,0.5,5.7,1.6S31.2,11.9,31.3,11.6z M73,9.2c0.4-0.1,3.5-1.6,8.4-2.6c4.9-1.1,8.9-0.5,8.9-0.8\tc0-0.3-1-0.9-6.2-0.3S72.6,9.3,73,9.2z M71.6,6.7C71.8,6.8,75,5.4,77.3,5c2.3-0.3,1.9-0.5,1.9-0.6c0-0.1-1.1-0.2-2.7,0.2\tC74.8,5.1,71.4,6.6,71.6,6.7z M93.6,4.4c0.1,0.2,3.5,0.8,5.6,1.8c2.1,1,1.8,0.6,1.9,0.5c0.1-0.1-0.8-0.8-2.4-1.3\tC97.1,4.8,93.5,4.2,93.6,4.4z M65.4,11.1c-0.1,0.3,0.3,0.5,1.9-0.2s2.6-1.3,2.2-1.2s-0.9,0.4-2.5,0.8C65.3,10.9,65.5,10.8,65.4,11.1\tz M34.5,12.4c-0.2,0,2.1,0.8,3.3,0.9c1.2,0.1,2,0.1,2-0.2c0-0.3-0.1-0.5-1.6-0.4C36.6,12.8,34.7,12.4,34.5,12.4z M152.2,21.1\tc-0.1,0.1-2.4-0.3-7.5-0.3c-5,0-13.6-2.4-17.2-3.5c-3.6-1.1,10,3.9,16.5,4.1C150.5,21.6,152.3,21,152.2,21.1z\"\/>\n\t<path class=\"elementor-shape-fill\" d=\"M269.6,18c-0.1-0.1-4.6,0.3-7.2,0c-7.3-0.7-17-3.2-16.6-2.9c0.4,0.3,13.7,3.1,17,3.3\tC267.7,18.8,269.7,18,269.6,18z\"\/>\n\t<path class=\"elementor-shape-fill\" d=\"M227.4,9.8c-0.2-0.1-4.5-1-9.5-1.2c-5-0.2-12.7,0.6-12.3,0.5c0.3-0.1,5.9-1.8,13.3-1.2\tS227.6,9.9,227.4,9.8z\"\/>\n\t<path class=\"elementor-shape-fill\" d=\"M204.5,13.4c-0.1-0.1,2-1,3.2-1.1c1.2-0.1,2,0,2,0.3c0,0.3-0.1,0.5-1.6,0.4\tC206.4,12.9,204.6,13.5,204.5,13.4z\"\/>\n\t<path class=\"elementor-shape-fill\" d=\"M201,10.6c0-0.1-4.4,1.2-6.3,2.2c-1.9,0.9-6.2,3.1-6.1,3.1c0.1,0.1,4.2-1.6,6.3-2.6\tS201,10.7,201,10.6z\"\/>\n\t<path class=\"elementor-shape-fill\" d=\"M154.5,26.7c-0.1-0.1-4.6,0.3-7.2,0c-7.3-0.7-17-3.2-16.6-2.9c0.4,0.3,13.7,3.1,17,3.3\tC152.6,27.5,154.6,26.8,154.5,26.7z\"\/>\n\t<path class=\"elementor-shape-fill\" d=\"M41.9,19.3c0,0,1.2-0.3,2.9-0.1c1.7,0.2,5.8,0.9,8.2,0.7c4.2-0.4,7.4-2.7,7-2.6\tc-0.4,0-4.3,2.2-8.6,1.9c-1.8-0.1-5.1-0.5-6.7-0.4S41.9,19.3,41.9,19.3z\"\/>\n\t<path class=\"elementor-shape-fill\" d=\"M75.5,12.6c0.2,0.1,2-0.8,4.3-1.1c2.3-0.2,2.1-0.3,2.1-0.5c0-0.1-1.8-0.4-3.4,0\tC76.9,11.5,75.3,12.5,75.5,12.6z\"\/>\n\t<path class=\"elementor-shape-fill\" d=\"M15.6,13.2c0-0.1,4.3,0,6.7,0.5c2.4,0.5,5,1.9,5,2c0,0.1-2.7-0.8-5.1-1.4\tC19.9,13.7,15.7,13.3,15.6,13.2z\"\/>\n<\/svg>\t\t<\/div>\n\t\t<div data-particle_enable=\"false\" data-particle-mobile-disabled=\"false\" class=\"elementor-element elementor-element-489f247 e-con-full e-flex e-con e-child\" data-id=\"489f247\" data-element_type=\"container\">\n\t\t\t\t<div class=\"elementor-element elementor-element-abce415 elementor-widget elementor-widget-heading\" data-id=\"abce415\" data-element_type=\"widget\" data-widget_type=\"heading.default\">\n\t\t\t\t<div class=\"elementor-widget-container\">\n\t\t\t\t\t<h2 class=\"elementor-heading-title elementor-size-default\">PROGRAMA\u00c7\u00c3O<\/h2>\t\t\t\t<\/div>\n\t\t\t\t<\/div>\n\t\t\t\t<div class=\"elementor-element elementor-element-9d944f0 elementor-widget elementor-widget-text-editor\" data-id=\"9d944f0\" data-element_type=\"widget\" data-widget_type=\"text-editor.default\">\n\t\t\t\t<div class=\"elementor-widget-container\">\n\t\t\t\t\t\t\t\t\t<p style=\"font-weight: 400;\"><b><strong>25\u00ba Congresso Brasileiro de Psicodrama<br \/><\/strong><\/b>Campo Grande |\u00a0\u00a0Mato Grosso do Sul | 2026<\/p>\t\t\t\t\t\t\t\t<\/div>\n\t\t\t\t<\/div>\n\t\t\t\t<\/div>\n\t\t\t\t\t<\/div>\n\t\t\t\t<\/div>\n\t\t<div data-particle_enable=\"false\" data-particle-mobile-disabled=\"false\" class=\"elementor-element elementor-element-1e19f4a e-flex e-con-boxed e-con e-parent\" data-id=\"1e19f4a\" data-element_type=\"container\">\n\t\t\t\t\t<div class=\"e-con-inner\">\n\t\t\t\t<div class=\"elementor-element elementor-element-04a0b64 elementor-widget elementor-widget-html\" data-id=\"04a0b64\" data-element_type=\"widget\" data-widget_type=\"html.default\">\n\t\t\t\t<div class=\"elementor-widget-container\">\n\t\t\t\t\t<style>\r\n  \/* === ESTILOS DA LINHA DO TEMPO === *\/\r\n  .cp-timeline-wrapper {\r\n    position: relative;\r\n    max-width: 1000px;\r\n    margin: 50px auto;\r\n    padding: 20px 0;\r\n    font-family: inherit; \/* Puxa a fonte padr\u00e3o do seu Elementor *\/\r\n    color: #000;\r\n  }\r\n\r\n  \/* Linha de fundo (cinza) *\/\r\n  .cp-timeline-line {\r\n    position: absolute;\r\n    left: 50%;\r\n    top: 0;\r\n    bottom: 0;\r\n    width: 4px;\r\n    background: #e0e0e0;\r\n    transform: translateX(-50%);\r\n    z-index: 1;\r\n    border-radius: 2px;\r\n  }\r\n\r\n  \/* Linha de progresso colorida animada *\/\r\n  .cp-timeline-progress {\r\n    position: absolute;\r\n    left: 50%;\r\n    top: 0;\r\n    width: 4px;\r\n    background: linear-gradient(to bottom, #1C7BA3, #FFAD00);\r\n    transform: translateX(-50%);\r\n    z-index: 2;\r\n    height: 0px; \r\n    border-radius: 2px;\r\n    transition: height 0.2s ease-out;\r\n  }\r\n\r\n  \/* Container de cada bal\u00e3o *\/\r\n  .cp-timeline-item {\r\n    position: relative;\r\n    width: 50%;\r\n    padding: 20px 40px;\r\n    box-sizing: border-box;\r\n    opacity: 0; \r\n    transform: translateY(40px);\r\n    transition: opacity 0.6s ease-out, transform 0.6s ease-out;\r\n    z-index: 3;\r\n  }\r\n\r\n  \/* Classe que o JS adiciona para revelar o item *\/\r\n  .cp-timeline-item.is-visible {\r\n    opacity: 1;\r\n    transform: translateY(0);\r\n  }\r\n\r\n  \/* Altern\u00e2ncia Lado Esquerdo \/ Direito no Desktop *\/\r\n  .cp-timeline-item:nth-child(odd) {\r\n    left: 0;\r\n    text-align: right;\r\n  }\r\n  .cp-timeline-item:nth-child(even) {\r\n    left: 50%;\r\n    text-align: left;\r\n  }\r\n\r\n  \/* Bolinhas da linha do tempo *\/\r\n  .cp-timeline-dot {\r\n    position: absolute;\r\n    top: 30px;\r\n    width: 24px;\r\n    height: 24px;\r\n    background: #fff;\r\n    border: 4px solid #e0e0e0;\r\n    border-radius: 50%;\r\n    z-index: 4;\r\n    transition: background-color 0.4s ease, border-color 0.4s ease;\r\n  }\r\n\r\n  .cp-timeline-item:nth-child(odd) .cp-timeline-dot {\r\n    right: -12px;\r\n  }\r\n  .cp-timeline-item:nth-child(even) .cp-timeline-dot {\r\n    left: -12px;\r\n  }\r\n\r\n  \/* Quando o item fica vis\u00edvel, a bolinha acende *\/\r\n  .cp-timeline-item.is-visible .cp-timeline-dot {\r\n    border-color: #1C7BA3;\r\n    background-color: #FFAD00;\r\n  }\r\n\r\n  \/* Bal\u00f5es de conte\u00fado *\/\r\n  .cp-timeline-content {\r\n    background: #fff;\r\n    padding: 25px;\r\n    border-radius: 12px;\r\n    box-shadow: 0 5px 20px rgba(0,0,0,0.08);\r\n    transition: transform 0.3s ease, box-shadow 0.3s ease;\r\n    border-left: 5px solid #1C7BA3;\r\n    text-align: left; \/* Mant\u00e9m o texto justificado \u00e0 esquerda dentro do bal\u00e3o para leitura *\/\r\n  }\r\n\r\n  .cp-timeline-item:nth-child(odd) .cp-timeline-content {\r\n    border-left: none;\r\n    border-right: 5px solid #FFAD00;\r\n  }\r\n\r\n  \/* Efeito Hover nos bal\u00f5es *\/\r\n  .cp-timeline-content:hover {\r\n    transform: translateY(-8px);\r\n    box-shadow: 0 12px 30px rgba(28, 123, 163, 0.2);\r\n  }\r\n\r\n  \/* Tipografia das Datas e Textos *\/\r\n  .cp-date {\r\n    font-weight: 800;\r\n    font-size: 1.4rem;\r\n    color: #1C7BA3;\r\n    margin-bottom: 12px;\r\n    display: block;\r\n  }\r\n  .cp-timeline-item:nth-child(odd) .cp-date {\r\n    color: #FFAD00;\r\n  }\r\n\r\n  .cp-timeline-content p {\r\n    margin: 0 0 10px 0;\r\n    line-height: 1.6;\r\n    font-size: 1rem;\r\n    color: #000;\r\n  }\r\n  .cp-timeline-content p:last-child {\r\n    margin-bottom: 0;\r\n  }\r\n\r\n  .cp-agenda-list {\r\n    list-style: none;\r\n    padding: 0;\r\n    margin: 10px 0 0 0;\r\n  }\r\n  .cp-agenda-list li {\r\n    margin-bottom: 8px;\r\n    padding-left: 15px;\r\n    position: relative;\r\n    font-size: 0.95rem;\r\n  }\r\n  .cp-agenda-list li::before {\r\n    content: \"\u2022\";\r\n    color: #FFAD00;\r\n    font-weight: bold;\r\n    position: absolute;\r\n    left: 0;\r\n    top: 0;\r\n  }\r\n\r\n  \/* === RESPONSIVIDADE (MOBILE) === *\/\r\n  @media screen and (max-width: 768px) {\r\n    .cp-timeline-line,\r\n    .cp-timeline-progress {\r\n      left: 20px; \/* Move a linha para a esquerda *\/\r\n      transform: none;\r\n    }\r\n    .cp-timeline-item {\r\n      width: 100%;\r\n      padding-left: 60px;\r\n      padding-right: 15px;\r\n    }\r\n    .cp-timeline-item:nth-child(odd),\r\n    .cp-timeline-item:nth-child(even) {\r\n      left: 0;\r\n      text-align: left;\r\n    }\r\n    .cp-timeline-item:nth-child(odd) .cp-timeline-dot,\r\n    .cp-timeline-item:nth-child(even) .cp-timeline-dot {\r\n      left: 8px; \/* Ajusta a bolinha para cima da linha *\/\r\n      right: auto;\r\n    }\r\n    \/* No mobile, todos os bal\u00f5es ganham a borda na esquerda para padronizar *\/\r\n    .cp-timeline-item:nth-child(odd) .cp-timeline-content {\r\n      border-right: none;\r\n      border-left: 5px solid #FFAD00;\r\n    }\r\n    .cp-timeline-item:nth-child(even) .cp-timeline-content {\r\n      border-left: 5px solid #1C7BA3;\r\n    }\r\n  }\r\n<\/style>\r\n\r\n<div class=\"cp-timeline-wrapper\" id=\"cpTimelineWrapper\">\r\n  <div class=\"cp-timeline-line\"><\/div>\r\n  <div class=\"cp-timeline-progress\" id=\"cpTimelineProgress\"><\/div>\r\n\r\n  <div class=\"cp-timeline-item\">\r\n    <div class=\"cp-timeline-dot\"><\/div>\r\n    <div class=\"cp-timeline-content\">\r\n      <span class=\"cp-date\">Dia 31\/05<\/span>\r\n      <p>Psicodrama P\u00fablico<\/p>\r\n    <\/div>\r\n  <\/div>\r\n\r\n  <div class=\"cp-timeline-item\">\r\n    <div class=\"cp-timeline-dot\"><\/div>\r\n    <div class=\"cp-timeline-content\">\r\n      <span class=\"cp-date\">Dias 01\/06 e 02\/06<\/span>\r\n      <p>Atividades na Cidade - Mem\u00f3rias em Ato (manh\u00e3\/tarde\/noite) e Pr\u00e9 Congresso online.<\/p>\r\n    <\/div>\r\n  <\/div>\r\n\r\n  <div class=\"cp-timeline-item\">\r\n    <div class=\"cp-timeline-dot\"><\/div>\r\n    <div class=\"cp-timeline-content\">\r\n      <span class=\"cp-date\">Dia 03\/06<\/span>\r\n      <ul class=\"cp-agenda-list\">\r\n        <li><strong>Manh\u00e3<\/strong> - Teatro Semeadores do Psicodrama - Encerra o online e mem\u00f3rias em atos.<\/li>\r\n        <li><strong>14h30<\/strong> - Abertura Cient\u00edfica: Credenciamento e Aut\u00f3grafos | Lan\u00e7amento de Livros<\/li>\r\n        <li><strong>5:30 p.m.<\/strong> - Abertura Cultural<\/li>\r\n        <li><strong>18h30<\/strong> - Abertura Oficial<\/li>\r\n        <li><strong>20h30<\/strong> - Confraterniza\u00e7\u00e3o dos Congressistas<\/li>\r\n      <\/ul>\r\n    <\/div>\r\n  <\/div>\r\n\r\n  <div class=\"cp-timeline-item\">\r\n    <div class=\"cp-timeline-dot\"><\/div>\r\n    <div class=\"cp-timeline-content\">\r\n      <span class=\"cp-date\">Dias 04, 05 e 06\/06<\/span>\r\n      <p>Atividades cient\u00edficas e culturais.<\/p>\r\n    <\/div>\r\n  <\/div>\r\n\r\n  <div class=\"cp-timeline-item\">\r\n    <div class=\"cp-timeline-dot\"><\/div>\r\n    <div class=\"cp-timeline-content\">\r\n      <span class=\"cp-date\">Encerramento (06\/06)<\/span>\r\n      <p>O congresso encerra \u00e0s <strong>13h30<\/strong> do s\u00e1bado.<\/p>\r\n    <\/div>\r\n  <\/div>\r\n\r\n<\/div>\r\n\r\n<script>\r\n  document.addEventListener(\"DOMContentLoaded\", function() {\r\n    const items = document.querySelectorAll('.cp-timeline-item');\r\n    const progressLine = document.getElementById('cpTimelineProgress');\r\n    const wrapper = document.getElementById('cpTimelineWrapper');\r\n\r\n    \/\/ 1. Observer para fazer os itens aparecerem (fade-in + slide)\r\n    const observerOptions = {\r\n      root: null,\r\n      rootMargin: '0px 0px -15% 0px', \/\/ Ativa um pouco antes de chegar no limite da tela\r\n      threshold: 0.1\r\n    };\r\n\r\n    const observer = new IntersectionObserver((entries, observer) => {\r\n      entries.forEach(entry => {\r\n        if (entry.isIntersecting) {\r\n          entry.target.classList.add('is-visible');\r\n        }\r\n      });\r\n    }, observerOptions);\r\n\r\n    items.forEach(item => {\r\n      observer.observe(item);\r\n    });\r\n\r\n    \/\/ 2. Preenchimento da linha conforme o scroll\r\n    window.addEventListener('scroll', () => {\r\n      if (!wrapper) return;\r\n      \r\n      const wrapperTop = wrapper.offsetTop;\r\n      const wrapperHeight = wrapper.offsetHeight;\r\n      \/\/ Define a altura de \"gatilho\" na tela (ex: centro da tela)\r\n      const triggerPoint = window.scrollY + (window.innerHeight * 0.6); \r\n\r\n      if (triggerPoint > wrapperTop) {\r\n        let fillHeight = triggerPoint - wrapperTop;\r\n        \/\/ Limita a altura m\u00e1xima da linha ao tamanho do container\r\n        if (fillHeight > wrapperHeight) {\r\n          fillHeight = wrapperHeight;\r\n        }\r\n        progressLine.style.height = fillHeight + 'px';\r\n      } else {\r\n        progressLine.style.height = '0px';\r\n      }\r\n    });\r\n    \r\n    \/\/ Dispara o scroll no carregamento para checar posi\u00e7\u00f5es iniciais\r\n    window.dispatchEvent(new Event('scroll'));\r\n  });\r\n<\/script>\t\t\t\t<\/div>\n\t\t\t\t<\/div>\n\t\t\t\t\t<\/div>\n\t\t\t\t<\/div>\n\t\t\t\t<\/div>","protected":false},"excerpt":{"rendered":"<p>PROGRAMA\u00c7\u00c3O 25\u00ba Congresso Brasileiro de PsicodramaCampo Grande |\u00a0\u00a0Mato Grosso do Sul | 2026 Dia 31\/05 Psicodrama P\u00fablico Dias 01\/06 e 02\/06 Atividades na Cidade &#8211; Mem\u00f3rias em Ato (manh\u00e3\/tarde\/noite) e Pr\u00e9 Congresso online. Dia 03\/06 Manh\u00e3 &#8211; Teatro Semeadores do Psicodrama &#8211; Encerra o online e mem\u00f3rias em atos. 14h30 &#8211; Abertura Cient\u00edfica: Credenciamento e [&hellip;]<\/p>","protected":false},"author":1,"featured_media":0,"parent":0,"menu_order":0,"comment_status":"closed","ping_status":"closed","template":"elementor_header_footer","meta":{"inline_featured_image":false,"footnotes":""},"class_list":["post-2181","page","type-page","status-publish","hentry"],"_links":{"self":[{"href":"https:\/\/cbpfebrap.febrap.org.br\/en\/wp-json\/wp\/v2\/pages\/2181","targetHints":{"allow":["GET"]}}],"collection":[{"href":"https:\/\/cbpfebrap.febrap.org.br\/en\/wp-json\/wp\/v2\/pages"}],"about":[{"href":"https:\/\/cbpfebrap.febrap.org.br\/en\/wp-json\/wp\/v2\/types\/page"}],"author":[{"embeddable":true,"href":"https:\/\/cbpfebrap.febrap.org.br\/en\/wp-json\/wp\/v2\/users\/1"}],"replies":[{"embeddable":true,"href":"https:\/\/cbpfebrap.febrap.org.br\/en\/wp-json\/wp\/v2\/comments?post=2181"}],"version-history":[{"count":0,"href":"https:\/\/cbpfebrap.febrap.org.br\/en\/wp-json\/wp\/v2\/pages\/2181\/revisions"}],"wp:attachment":[{"href":"https:\/\/cbpfebrap.febrap.org.br\/en\/wp-json\/wp\/v2\/media?parent=2181"}],"curies":[{"name":"wp","href":"https:\/\/api.w.org\/{rel}","templated":true}]}}